{"id":5688,"date":"2024-06-24T14:04:18","date_gmt":"2024-06-24T13:04:18","guid":{"rendered":"https:\/\/procycons.com\/contact-us\/"},"modified":"2025-09-21T11:30:32","modified_gmt":"2025-09-21T10:30:32","slug":"kontakt","status":"publish","type":"page","link":"https:\/\/procycons.com\/de\/kontakt\/","title":{"rendered":"Kontakt"},"content":{"rendered":"\t\t<div data-elementor-type=\"wp-page\" data-elementor-id=\"5688\" class=\"elementor elementor-5688 elementor-692\" data-elementor-post-type=\"page\">\n\t\t\t\t<div class=\"elementor-element elementor-element-7593aec e-flex e-con-boxed e-con e-parent\" data-id=\"7593aec\" data-element_type=\"container\" data-e-type=\"container\">\n\t\t\t\t\t<div class=\"e-con-inner\">\n\t\t<div class=\"elementor-element elementor-element-21ad2e6b e-con-full e-flex e-con e-child\" data-id=\"21ad2e6b\" data-element_type=\"container\" data-e-type=\"container\">\n\t\t\t\t<div class=\"elementor-element elementor-element-5cc91a2c elementor-widget elementor-widget-heading\" data-id=\"5cc91a2c\" data-element_type=\"widget\" data-e-type=\"widget\" data-widget_type=\"heading.default\">\n\t\t\t\t<div class=\"elementor-widget-container\">\n\t\t\t\t\t<h1 class=\"elementor-heading-title elementor-size-default\">Kontaktformular<\/h1>\t\t\t\t<\/div>\n\t\t\t\t<\/div>\n\t\t\t\t<div class=\"elementor-element elementor-element-571abe78 elementor-widget elementor-widget-text-editor\" data-id=\"571abe78\" data-element_type=\"widget\" data-e-type=\"widget\" data-widget_type=\"text-editor.default\">\n\t\t\t\t<div class=\"elementor-widget-container\">\n\t\t\t\t\t\t\t\t\t<p>Haben Sie eine Frage oder konkretes Interesse an einer Zusammenarbeit?<br \/>Schreiben Sie uns eine Nachricht oder rufen Sie uns an.<\/p>\t\t\t\t\t\t\t\t<\/div>\n\t\t\t\t<\/div>\n\t\t\t\t<div class=\"elementor-element elementor-element-7a4854b elementor-widget elementor-widget-html\" data-id=\"7a4854b\" data-element_type=\"widget\" data-e-type=\"widget\" data-widget_type=\"html.default\">\n\t\t\t\t<div class=\"elementor-widget-container\">\n\t\t\t\t\t<script charset=\"utf-8\" type=\"text\/javascript\" src=\"\/\/js-eu1.hsforms.net\/forms\/embed\/v2.js\"><\/script>\n<script>\nhbspt.forms.create({\nportalId: \"26276029\",\nformId: \"d078bb6a-3468-4f30-85eb-3b4589abb572\",\nregion: \"eu1\"\n});\n<\/script>\t\t\t\t<\/div>\n\t\t\t\t<\/div>\n\t\t\t\t<\/div>\n\t\t<div class=\"elementor-element elementor-element-5c5401e9 e-con-full elementor-hidden-tablet elementor-hidden-mobile e-flex e-con e-child\" data-id=\"5c5401e9\" data-element_type=\"container\" data-e-type=\"container\">\n\t\t\t\t<div class=\"elementor-element elementor-element-4961c8e4 elementor-testimonial--align-left elementor-testimonial--skin-default elementor-testimonial--layout-image_inline elementor-pagination-type-bullets elementor-widget elementor-widget-testimonial-carousel\" data-id=\"4961c8e4\" data-element_type=\"widget\" data-e-type=\"widget\" data-settings=\"{&quot;pagination&quot;:&quot;bullets&quot;,&quot;speed&quot;:500,&quot;loop&quot;:&quot;yes&quot;,&quot;space_between&quot;:{&quot;unit&quot;:&quot;px&quot;,&quot;size&quot;:10,&quot;sizes&quot;:[]},&quot;space_between_laptop&quot;:{&quot;unit&quot;:&quot;px&quot;,&quot;size&quot;:10,&quot;sizes&quot;:[]},&quot;space_between_tablet&quot;:{&quot;unit&quot;:&quot;px&quot;,&quot;size&quot;:10,&quot;sizes&quot;:[]},&quot;space_between_mobile&quot;:{&quot;unit&quot;:&quot;px&quot;,&quot;size&quot;:10,&quot;sizes&quot;:[]}}\" data-widget_type=\"testimonial-carousel.default\">\n\t\t\t\t<div class=\"elementor-widget-container\">\n\t\t\t\t\t\t\t\t\t<div class=\"elementor-swiper\">\n\t\t\t\t\t<div class=\"elementor-main-swiper swiper\" role=\"region\" aria-roledescription=\"carousel\" aria-label=\"Slider\">\n\t\t\t\t<div class=\"swiper-wrapper\">\n\t\t\t\t\t\t\t\t\t\t\t<div class=\"swiper-slide\" role=\"group\" aria-roledescription=\"slide\">\n\t\t\t\t\t\t\t\t\t<div class=\"elementor-testimonial\">\n\t\t\t\t\t\t\t<div class=\"elementor-testimonial__content\">\n\t\t\t\t\t<div class=\"elementor-testimonial__text\">\n\t\t\t\t\t\tBei Procycons verbindet Arash seine technische Expertise mit der Mission, Unternehmen durch digitale Technologien und KI-L\u00f6sungen auf dem Weg zur Nachhaltigkeit zu unterst\u00fctzen. Die Entwicklung innovativer L\u00f6sungen f\u00fcr Klimaschutz und die messbare Reduzierung von Emissionen motivieren ihn als Co-Founder.\t\t\t\t\t<\/div>\n\t\t\t\t\t\t\t\t\t<\/div>\n\t\t\t\t\t\t<div class=\"elementor-testimonial__footer\">\n\t\t\t\t\t\t\t\t\t<div class=\"elementor-testimonial__image\">\n\t\t\t\t\t\t<img decoding=\"async\" src=\"https:\/\/procycons.com\/wp-content\/uploads\/2024\/12\/arash-1.png\" alt=\"Arash Javanmard\">\n\t\t\t\t\t\t\t\t\t\t\t<\/div>\n\t\t\t\t\t\t\t\t<cite class=\"elementor-testimonial__cite\"><span class=\"elementor-testimonial__name\">Arash Javanmard<\/span><span class=\"elementor-testimonial__title\"> Team Lead Digitalization<\/span><\/cite>\t\t\t<\/div>\n\t\t<\/div>\n\t\t\t\t\t\t\t\t<\/div>\n\t\t\t\t\t\t\t\t\t\t\t<div class=\"swiper-slide\" role=\"group\" aria-roledescription=\"slide\">\n\t\t\t\t\t\t\t\t\t<div class=\"elementor-testimonial\">\n\t\t\t\t\t\t\t<div class=\"elementor-testimonial__content\">\n\t\t\t\t\t<div class=\"elementor-testimonial__text\">\n\t\t\t\t\t\tNachhaltigkeit und Innovation vereinen: Mit datengetriebenen L\u00f6sungen unterst\u00fctze ich Unternehmen bei der Dekarbonisierung, optimiere Prozesse und erm\u00f6gliche nachhaltigen Erfolg im Einklang mit regulatorischen Anforderungen und gesellschaftlicher Verantwortung \u2013 f\u00fcr eine zukunftsf\u00e4hige Wirtschaft.\t\t\t\t\t<\/div>\n\t\t\t\t\t\t\t\t\t<\/div>\n\t\t\t\t\t\t<div class=\"elementor-testimonial__footer\">\n\t\t\t\t\t\t\t\t\t<div class=\"elementor-testimonial__image\">\n\t\t\t\t\t\t<img decoding=\"async\" src=\"https:\/\/procycons.com\/wp-content\/uploads\/2024\/12\/philipp.png\" alt=\"Philipp Niemeier\">\n\t\t\t\t\t\t\t\t\t\t\t<\/div>\n\t\t\t\t\t\t\t\t<cite class=\"elementor-testimonial__cite\"><span class=\"elementor-testimonial__name\">Philipp Niemeier<\/span><span class=\"elementor-testimonial__title\">Team Lead Sustainability<\/span><\/cite>\t\t\t<\/div>\n\t\t<\/div>\n\t\t\t\t\t\t\t\t<\/div>\n\t\t\t\t\t\t\t\t\t\t\t<div class=\"swiper-slide\" role=\"group\" aria-roledescription=\"slide\">\n\t\t\t\t\t\t\t\t\t<div class=\"elementor-testimonial\">\n\t\t\t\t\t\t\t<div class=\"elementor-testimonial__content\">\n\t\t\t\t\t<div class=\"elementor-testimonial__text\">\n\t\t\t\t\t\tNachhaltigkeit bedeutet, \u00f6kologische, soziale und wirtschaftliche Verantwortung zu \u00fcbernehmen, um Unternehmen zukunftsf\u00e4hig zu machen, Innovationen zu f\u00f6rdern und gleichzeitig einen positiven Beitrag zur Gesellschaft und Umwelt zu leisten \u2013 heute und f\u00fcr kommende Generationen.\t\t\t\t\t<\/div>\n\t\t\t\t\t\t\t\t\t<\/div>\n\t\t\t\t\t\t<div class=\"elementor-testimonial__footer\">\n\t\t\t\t\t\t\t\t\t<div class=\"elementor-testimonial__image\">\n\t\t\t\t\t\t<img decoding=\"async\" src=\"https:\/\/procycons.com\/wp-content\/uploads\/2024\/12\/paula.png\" alt=\"Paula Vukicevic\">\n\t\t\t\t\t\t\t\t\t\t\t<\/div>\n\t\t\t\t\t\t\t\t<cite class=\"elementor-testimonial__cite\"><span class=\"elementor-testimonial__name\">Paula Vukicevic<\/span><span class=\"elementor-testimonial__title\">Sustainability Consultant<\/span><\/cite>\t\t\t<\/div>\n\t\t<\/div>\n\t\t\t\t\t\t\t\t<\/div>\n\t\t\t\t\t\t\t\t\t<\/div>\n\t\t\t\t\t\t\t\t\t\t\t\t\t\t\t\t\t\t\t\t<div class=\"swiper-pagination\"><\/div>\n\t\t\t\t\t\t\t\t\t\t\t\t<\/div>\n\t\t\t\t<\/div>\n\t\t\t\t\t\t\t\t<\/div>\n\t\t\t\t<\/div>\n\t\t\t\t<\/div>\n\t\t\t\t\t<\/div>\n\t\t\t\t<\/div>\n\t\t<div class=\"elementor-element elementor-element-7adb7cfd e-flex e-con-boxed e-con e-parent\" data-id=\"7adb7cfd\" data-element_type=\"container\" data-e-type=\"container\">\n\t\t\t\t\t<div class=\"e-con-inner\">\n\t\t<div class=\"elementor-element elementor-element-3d80fd6c e-con-full e-flex e-con e-child\" data-id=\"3d80fd6c\" data-element_type=\"container\" data-e-type=\"container\">\n\t\t\t\t<div class=\"elementor-element elementor-element-79a761e1 elementor-position-top elementor-widget elementor-widget-image-box\" data-id=\"79a761e1\" data-element_type=\"widget\" data-e-type=\"widget\" data-widget_type=\"image-box.default\">\n\t\t\t\t<div class=\"elementor-widget-container\">\n\t\t\t\t\t<div class=\"elementor-image-box-wrapper\"><figure class=\"elementor-image-box-img\"><img decoding=\"async\" width=\"41\" height=\"40\" src=\"https:\/\/procycons.com\/wp-content\/uploads\/2024\/07\/map-pin-location.svg\" class=\"attachment-full size-full wp-image-4601\" alt=\"\"><\/figure><div class=\"elementor-image-box-content\"><h3 class=\"elementor-image-box-title\">Anschrift<\/h3><p class=\"elementor-image-box-description\">Procycons GmbH &amp; Co. KG\nHafenallee 57, \n63067 Offenbach am Main<\/p><\/div><\/div>\t\t\t\t<\/div>\n\t\t\t\t<\/div>\n\t\t\t\t<\/div>\n\t\t<div class=\"elementor-element elementor-element-54f76fe7 e-con-full kv-contact-block-1 e-flex e-con e-child\" data-id=\"54f76fe7\" data-element_type=\"container\" data-e-type=\"container\">\n\t\t\t\t<div class=\"elementor-element elementor-element-2e960cc9 elementor-position-top elementor-widget elementor-widget-image-box\" data-id=\"2e960cc9\" data-element_type=\"widget\" data-e-type=\"widget\" data-widget_type=\"image-box.default\">\n\t\t\t\t<div class=\"elementor-widget-container\">\n\t\t\t\t\t<div class=\"elementor-image-box-wrapper\"><figure class=\"elementor-image-box-img\"><img decoding=\"async\" width=\"41\" height=\"40\" src=\"https:\/\/procycons.com\/wp-content\/uploads\/2024\/07\/telephone-phone-contact.svg\" class=\"attachment-full size-full wp-image-4603\" alt=\"\"><\/figure><div class=\"elementor-image-box-content\"><h3 class=\"elementor-image-box-title\">Telefon<\/h3><p class=\"elementor-image-box-description\">+49 173 804566<\/p><\/div><\/div>\t\t\t\t<\/div>\n\t\t\t\t<\/div>\n\t\t\t\t<\/div>\n\t\t<div class=\"elementor-element elementor-element-16e77bf9 e-con-full kv-contact-block-1 e-flex e-con e-child\" data-id=\"16e77bf9\" data-element_type=\"container\" data-e-type=\"container\">\n\t\t\t\t<div class=\"elementor-element elementor-element-59c9bb53 elementor-position-top elementor-widget elementor-widget-image-box\" data-id=\"59c9bb53\" data-element_type=\"widget\" data-e-type=\"widget\" data-widget_type=\"image-box.default\">\n\t\t\t\t<div class=\"elementor-widget-container\">\n\t\t\t\t\t<div class=\"elementor-image-box-wrapper\"><figure class=\"elementor-image-box-img\"><img decoding=\"async\" width=\"41\" height=\"40\" src=\"https:\/\/procycons.com\/wp-content\/uploads\/2024\/07\/email-1-envelope.svg\" class=\"attachment-full size-full wp-image-4605\" alt=\"\"><\/figure><div class=\"elementor-image-box-content\"><h3 class=\"elementor-image-box-title\">E-Mail<\/h3><p class=\"elementor-image-box-description\">info@procycons.com<\/p><\/div><\/div>\t\t\t\t<\/div>\n\t\t\t\t<\/div>\n\t\t\t\t<\/div>\n\t\t<div class=\"elementor-element elementor-element-533f1531 e-con-full kv-contact-block-1 e-flex e-con e-child\" data-id=\"533f1531\" data-element_type=\"container\" data-e-type=\"container\">\n\t\t\t\t<div class=\"elementor-element elementor-element-40ab5736 elementor-position-top elementor-widget elementor-widget-image-box\" data-id=\"40ab5736\" data-element_type=\"widget\" data-e-type=\"widget\" data-widget_type=\"image-box.default\">\n\t\t\t\t<div class=\"elementor-widget-container\">\n\t\t\t\t\t<div class=\"elementor-image-box-wrapper\"><figure class=\"elementor-image-box-img\"><img loading=\"lazy\" decoding=\"async\" width=\"41\" height=\"40\" src=\"https:\/\/procycons.com\/wp-content\/uploads\/2024\/07\/group-1-users.svg\" class=\"attachment-full size-full wp-image-4607\" alt=\"\"><\/figure><div class=\"elementor-image-box-content\"><h3 class=\"elementor-image-box-title\">Social Media<\/h3><\/div><\/div>\t\t\t\t<\/div>\n\t\t\t\t<\/div>\n\t\t\t\t<div class=\"elementor-element elementor-element-7c6b2582 elementor-shape-rounded elementor-grid-0 e-grid-align-center elementor-widget elementor-widget-social-icons\" data-id=\"7c6b2582\" data-element_type=\"widget\" data-e-type=\"widget\" data-widget_type=\"social-icons.default\">\n\t\t\t\t<div class=\"elementor-widget-container\">\n\t\t\t\t\t\t\t<div class=\"elementor-social-icons-wrapper elementor-grid\" role=\"list\">\n\t\t\t\t\t\t\t<span class=\"elementor-grid-item\" role=\"listitem\">\n\t\t\t\t\t<a class=\"elementor-icon elementor-social-icon elementor-social-icon- elementor-repeater-item-ca27ac5\" target=\"_blank\">\n\t\t\t\t\t\t<span class=\"elementor-screen-only\"><\/span>\n\t\t\t\t\t\t<svg xmlns=\"http:\/\/www.w3.org\/2000\/svg\" width=\"28\" height=\"28\" viewBox=\"0 0 28 28\" fill=\"none\"><path d=\"M22.925 3.5H5.075C4.65728 3.5 4.25668 3.66594 3.96131 3.96131C3.66594 4.25668 3.5 4.65728 3.5 5.075V22.925C3.5 23.3427 3.66594 23.7433 3.96131 24.0387C4.25668 24.3341 4.65728 24.5 5.075 24.5H22.925C23.3427 24.5 23.7433 24.3341 24.0387 24.0387C24.3341 23.7433 24.5 23.3427 24.5 22.925V5.075C24.5 4.65728 24.3341 4.25668 24.0387 3.96131C23.7433 3.66594 23.3427 3.5 22.925 3.5ZM9.8 21.35H6.65V11.9H9.8V21.35ZM8.225 10.0625C7.86399 10.0522 7.51403 9.93571 7.21884 9.72763C6.92365 9.51955 6.69632 9.2291 6.56526 8.89256C6.4342 8.55603 6.40522 8.18833 6.48194 7.83542C6.55866 7.48251 6.73767 7.16003 6.99662 6.90827C7.25557 6.65652 7.58296 6.48665 7.93789 6.41991C8.29283 6.35316 8.65956 6.39248 8.99227 6.53297C9.32498 6.67346 9.60892 6.90887 9.8086 7.20981C10.0083 7.51074 10.1149 7.86384 10.115 8.225C10.1067 8.71887 9.90325 9.18937 9.5491 9.53368C9.19495 9.878 8.7189 10.0681 8.225 10.0625ZM21.35 21.35H18.2V16.373C18.2 14.882 17.57 14.3465 16.751 14.3465C16.5109 14.3625 16.2763 14.4258 16.0607 14.5327C15.8451 14.6396 15.6527 14.7881 15.4947 14.9695C15.3366 15.151 15.216 15.3619 15.1396 15.5902C15.0633 15.8184 15.0329 16.0595 15.05 16.2995C15.0448 16.3484 15.0448 16.3976 15.05 16.4465V21.35H11.9V11.9H14.945V13.265C15.2522 12.7978 15.6741 12.4172 16.1705 12.1598C16.667 11.9024 17.2211 11.7768 17.78 11.795C19.4075 11.795 21.308 12.698 21.308 15.638L21.35 21.35Z\" fill=\"#107BFE\"><\/path><\/svg>\t\t\t\t\t<\/a>\n\t\t\t\t<\/span>\n\t\t\t\t\t\t\t<span class=\"elementor-grid-item\" role=\"listitem\">\n\t\t\t\t\t<a class=\"elementor-icon elementor-social-icon elementor-social-icon- elementor-repeater-item-2566693\" target=\"_blank\">\n\t\t\t\t\t\t<span class=\"elementor-screen-only\"><\/span>\n\t\t\t\t\t\t<svg xmlns=\"http:\/\/www.w3.org\/2000\/svg\" width=\"22\" height=\"20\" viewBox=\"0 0 22 20\" fill=\"none\"><path d=\"M17.3038 0.0820312H20.6661L13.3206 8.48323L21.962 19.9154H15.1958L9.8963 12.9818L3.83244 19.9154H0.468144L8.32494 10.9293L0.0351562 0.0820312H6.97312L11.7634 6.41954L17.3038 0.0820312ZM16.1238 17.9015H17.9869L5.96078 1.9901H3.96152L16.1238 17.9015Z\" fill=\"#09090A\"><\/path><\/svg>\t\t\t\t\t<\/a>\n\t\t\t\t<\/span>\n\t\t\t\t\t\t\t<span class=\"elementor-grid-item\" role=\"listitem\">\n\t\t\t\t\t<a class=\"elementor-icon elementor-social-icon elementor-social-icon- elementor-repeater-item-61dbab1\" target=\"_blank\">\n\t\t\t\t\t\t<span class=\"elementor-screen-only\"><\/span>\n\t\t\t\t\t\t<svg xmlns=\"http:\/\/www.w3.org\/2000\/svg\" width=\"26\" height=\"20\" viewBox=\"0 0 26 20\" fill=\"none\"><path fill-rule=\"evenodd\" clip-rule=\"evenodd\" d=\"M22.5716 0.674419C23.6264 1.00093 24.4554 1.95948 24.7377 3.17924C25.2479 5.38786 25.25 9.9987 25.25 9.9987C25.25 9.9987 25.25 14.6096 24.7377 16.8182C24.4554 18.0379 23.6264 18.9965 22.5716 19.3229C20.6618 19.9154 13 19.9154 13 19.9154C13 19.9154 5.3382 19.9154 3.42829 19.3229C2.37352 18.9965 1.54462 18.0379 1.26227 16.8182C0.75 14.6096 0.75 9.9987 0.75 9.9987C0.75 9.9987 0.75 5.38786 1.26227 3.17924C1.54462 1.95948 2.37352 1.00093 3.42829 0.674419C5.3382 0.0820312 13 0.0820312 13 0.0820312C13 0.0820312 20.6618 0.0820312 22.5716 0.674419ZM17.0989 9.99906L10.4308 13.8486V6.14946L17.0989 9.99906Z\" fill=\"#FF370F\"><\/path><\/svg>\t\t\t\t\t<\/a>\n\t\t\t\t<\/span>\n\t\t\t\t\t<\/div>\n\t\t\t\t\t\t<\/div>\n\t\t\t\t<\/div>\n\t\t\t\t<\/div>\n\t\t\t\t\t<\/div>\n\t\t\t\t<\/div>\n\t\t<div class=\"elementor-element elementor-element-451d2864 1why-us e-flex e-con-boxed e-con e-parent\" data-id=\"451d2864\" data-element_type=\"container\" data-e-type=\"container\">\n\t\t\t\t\t<div class=\"e-con-inner\">\n\t\t<div class=\"elementor-element elementor-element-16b172e7 e-con-full e-flex e-con e-child\" data-id=\"16b172e7\" data-element_type=\"container\" data-e-type=\"container\">\n\t\t\t\t<div class=\"elementor-element elementor-element-114ad352 elementor-widget elementor-widget-google_maps\" data-id=\"114ad352\" data-element_type=\"widget\" data-e-type=\"widget\" data-widget_type=\"google_maps.default\">\n\t\t\t\t<div class=\"elementor-widget-container\">\n\t\t\t\t\t\t\t<div class=\"elementor-custom-embed\">\n\t\t\t<iframe loading=\"lazy\"\n\t\t\t\t\tsrc=\"https:\/\/maps.google.com\/maps?q=Hafenallee%2057%2C%20%2063067%20Offenbach%20am%20Main&#038;t=m&#038;z=14&#038;output=embed&#038;iwloc=near\"\n\t\t\t\t\ttitle=\"Hafenallee 57,  63067 Offenbach am Main\"\n\t\t\t\t\taria-label=\"Hafenallee 57,  63067 Offenbach am Main\"\n\t\t\t><\/iframe>\n\t\t<\/div>\n\t\t\t\t\t\t<\/div>\n\t\t\t\t<\/div>\n\t\t\t\t<\/div>\n\t\t\t\t\t<\/div>\n\t\t\t\t<\/div>\n\t\t\t\t<\/div>\n\t\t","protected":false},"excerpt":{"rendered":"<p>Kontaktformular Haben Sie eine Frage oder konkretes Interesse an einer Zusammenarbeit?Schreiben Sie uns eine Nachricht oder rufen Sie uns an. Bei Procycons verbindet Arash seine technische Expertise mit der Mission, Unternehmen durch digitale Technologien und KI-L\u00f6sungen auf dem Weg zur Nachhaltigkeit zu unterst\u00fctzen. Die Entwicklung innovativer L\u00f6sungen f\u00fcr Klimaschutz und die messbare Reduzierung von Emissionen [&hellip;]<\/p>\n","protected":false},"author":1,"featured_media":0,"parent":0,"menu_order":0,"comment_status":"closed","ping_status":"closed","template":"elementor_header_footer","meta":{"_acf_changed":false,"footnotes":""},"class_list":["post-5688","page","type-page","status-publish","hentry"],"acf":[],"_links":{"self":[{"href":"https:\/\/procycons.com\/de\/wp-json\/wp\/v2\/pages\/5688","targetHints":{"allow":["GET"]}}],"collection":[{"href":"https:\/\/procycons.com\/de\/wp-json\/wp\/v2\/pages"}],"about":[{"href":"https:\/\/procycons.com\/de\/wp-json\/wp\/v2\/types\/page"}],"author":[{"embeddable":true,"href":"https:\/\/procycons.com\/de\/wp-json\/wp\/v2\/users\/1"}],"replies":[{"embeddable":true,"href":"https:\/\/procycons.com\/de\/wp-json\/wp\/v2\/comments?post=5688"}],"version-history":[{"count":24,"href":"https:\/\/procycons.com\/de\/wp-json\/wp\/v2\/pages\/5688\/revisions"}],"predecessor-version":[{"id":17720,"href":"https:\/\/procycons.com\/de\/wp-json\/wp\/v2\/pages\/5688\/revisions\/17720"}],"wp:attachment":[{"href":"https:\/\/procycons.com\/de\/wp-json\/wp\/v2\/media?parent=5688"}],"curies":[{"name":"wp","href":"https:\/\/api.w.org\/{rel}","templated":true}]}}