{"id":9396,"date":"2024-09-16T15:33:31","date_gmt":"2024-09-16T14:33:31","guid":{"rendered":"https:\/\/procycons.com\/imprint\/"},"modified":"2026-03-31T07:14:26","modified_gmt":"2026-03-31T06:14:26","slug":"impressum","status":"publish","type":"page","link":"https:\/\/procycons.com\/de\/impressum\/","title":{"rendered":"Impressum"},"content":{"rendered":"\t\t<div data-elementor-type=\"wp-page\" data-elementor-id=\"9396\" class=\"elementor elementor-9396 elementor-9388\" data-elementor-post-type=\"page\">\n\t\t\t\t<div class=\"elementor-element elementor-element-9654219 e-con-full e-flex e-con e-parent\" data-id=\"9654219\" data-element_type=\"container\" data-settings=\"{&quot;background_background&quot;:&quot;classic&quot;}\">\n\t\t\t\t<div class=\"elementor-element elementor-element-397585f elementor-widget elementor-widget-heading\" data-id=\"397585f\" data-element_type=\"widget\" data-widget_type=\"heading.default\">\n\t\t\t\t<div class=\"elementor-widget-container\">\n\t\t\t\t\t<h1 class=\"elementor-heading-title elementor-size-default\">Impressum <\/h1>\t\t\t\t<\/div>\n\t\t\t\t<\/div>\n\t\t\t\t<\/div>\n\t\t\t\t<section class=\"elementor-section elementor-top-section elementor-element elementor-element-7d6bb042 elementor-section-boxed elementor-section-height-default elementor-section-height-default\" data-id=\"7d6bb042\" data-element_type=\"section\" id=\"faqbody\">\n\t\t\t\t\t\t<div class=\"elementor-container elementor-column-gap-default\">\n\t\t\t\t\t<div class=\"elementor-column elementor-col-100 elementor-top-column elementor-element elementor-element-1ee8b830\" data-id=\"1ee8b830\" data-element_type=\"column\">\n\t\t\t<div class=\"elementor-widget-wrap elementor-element-populated\">\n\t\t\t\t\t\t<div class=\"elementor-element elementor-element-64cee84 elementor-widget__width-initial elementor-widget elementor-widget-text-editor\" data-id=\"64cee84\" data-element_type=\"widget\" data-widget_type=\"text-editor.default\">\n\t\t\t\t<div class=\"elementor-widget-container\">\n\t\t\t\t\t\t\t\t\t<p><strong>Angaben gem\u00e4\u00df \u00a7 5 TMG\u00a0<\/strong><\/p><p>Procycons GmbH &amp; Co. KG<br \/>Hafenallee 57, <br \/>63067 Offenbach am Main<\/p><p>Tel +49 173 8045667\u00a0<\/p><p>E-Mail <a href=\"mailto:info@procycons.com\">info@procycons.com<\/a>\u00a0<\/p><p><strong>Gesch\u00e4ftsf\u00fchrer:<\/strong> Arash Javanmard-Gh., Philipp Niemeier\u00a0<\/p><p><strong>USt-ID gem\u00e4\u00df \u00a727a Umsatzsteuergesetz:<\/strong> DE357990827\u00a0<\/p><p><strong>Inhaltlich Verantwortlicher gem\u00e4\u00df \u00a7 18 MStV:<\/strong> Arash Javanmard-Gh., Philipp Niemeier\u00a0\u00a0<\/p>\t\t\t\t\t\t\t\t<\/div>\n\t\t\t\t<\/div>\n\t\t\t\t<div class=\"elementor-element elementor-element-2c837fe elementor-widget elementor-widget-heading\" data-id=\"2c837fe\" data-element_type=\"widget\" data-widget_type=\"heading.default\">\n\t\t\t\t<div class=\"elementor-widget-container\">\n\t\t\t\t\t<h3 class=\"elementor-heading-title elementor-size-default\">Copyright <\/h3>\t\t\t\t<\/div>\n\t\t\t\t<\/div>\n\t\t\t\t<div class=\"elementor-element elementor-element-a86ca07 elementor-widget elementor-widget-text-editor\" data-id=\"a86ca07\" data-element_type=\"widget\" data-widget_type=\"text-editor.default\">\n\t\t\t\t<div class=\"elementor-widget-container\">\n\t\t\t\t\t\t\t\t\tDie Texte, Bilder und ihre Anordnung auf der Webseite www.procycons.de sind durch das Urheberrecht sowie weitere Schutzgesetze gesch\u00fctzt. Inhalte dieser Webseite d\u00fcrfen weder f\u00fcr kommerzielle Zwecke kopiert, verbreitet, ver\u00e4ndert noch Dritten zug\u00e4nglich gemacht werden. Einige der auf dieser Webseite verwendeten Bilder unterliegen zudem dem Copyright Dritter. \t\t\t\t\t\t\t\t<\/div>\n\t\t\t\t<\/div>\n\t\t\t\t<div class=\"elementor-element elementor-element-915fc9d elementor-widget elementor-widget-heading\" data-id=\"915fc9d\" data-element_type=\"widget\" data-widget_type=\"heading.default\">\n\t\t\t\t<div class=\"elementor-widget-container\">\n\t\t\t\t\t<h3 class=\"elementor-heading-title elementor-size-default\">Haftungsausschluss <\/h3>\t\t\t\t<\/div>\n\t\t\t\t<\/div>\n\t\t\t\t<div class=\"elementor-element elementor-element-ffcd350 elementor-widget elementor-widget-text-editor\" data-id=\"ffcd350\" data-element_type=\"widget\" data-widget_type=\"text-editor.default\">\n\t\t\t\t<div class=\"elementor-widget-container\">\n\t\t\t\t\t\t\t\t\t<p aria-level=\"3\"><strong>Haftung f\u00fcr Inhalte\u00a0<\/strong><\/p><p>Die Inhalte unserer Seiten wurden mit gr\u00f6\u00dfter Sorgfalt erstellt. F\u00fcr die Richtigkeit, Vollst\u00e4ndigkeit und Aktualit\u00e4t der Inhalte k\u00f6nnen wir jedoch keine Gew\u00e4hr \u00fcbernehmen. Als Diensteanbieter sind wir gem\u00e4\u00df \u00a7 7 Abs.1 DDG f\u00fcr eigene Inhalte auf diesen Seiten nach den allgemeinen Gesetzen verantwortlich. Nach \u00a7\u00a7 8 bis 10 DDG sind wir als Diensteanbieter jedoch nicht verpflichtet, \u00fcbermittelte oder gespeicherte fremde Informationen zu \u00fcberwachen oder nach Umst\u00e4nden zu forschen, die auf eine rechtswidrige T\u00e4tigkeit hinweisen. Verpflichtungen zur Entfernung oder Sperrung der Nutzung von Informationen nach den allgemeinen Gesetzen bleiben hiervon unber\u00fchrt. Eine diesbez\u00fcgliche Haftung ist jedoch erst ab dem Zeitpunkt der Kenntnis einer konkreten Rechtsverletzung m\u00f6glich. Bei Bekanntwerden von entsprechenden Rechtsverletzungen werden wir diese Inhalte umgehend entfernen.\u00a0<\/p><p>\u00a0<\/p><p aria-level=\"3\"><strong>Haftung f\u00fcr Links\u00a0<\/strong><\/p><p>Unser Angebot enth\u00e4lt Links zu externen Webseiten Dritter, auf deren Inhalte wir keinen Einfluss haben. Deshalb k\u00f6nnen wir f\u00fcr diese fremden Inhalte auch keine Gew\u00e4hr \u00fcbernehmen. F\u00fcr die Inhalte der verlinkten Seiten ist stets der jeweilige Anbieter oder Betreiber der Seiten verantwortlich. Die verlinkten Seiten wurden zum Zeitpunkt der Verlinkung auf m\u00f6gliche Rechtsverst\u00f6\u00dfe \u00fcberpr\u00fcft. Rechtswidrige Inhalte waren zum Zeitpunkt der Verlinkung nicht erkennbar. Eine permanente inhaltliche Kontrolle der verlinkten Seiten ist jedoch ohne konkrete Anhaltspunkte einer Rechtsverletzung nicht zumutbar. Bei Bekanntwerden von Rechtsverletzungen werden wir derartige Links umgehend entfernen.\u00a0<\/p><p>\u00a0<\/p><p aria-level=\"3\"><strong>Urheberrecht\u00a0<\/strong><\/p><p>Die durch die Seitenbetreiber erstellten Inhalte und Werke auf diesen Seiten unterliegen dem deutschen Urheberrecht. Die Vervielf\u00e4ltigung, Bearbeitung, Verbreitung und jede Art der Verwertung au\u00dferhalb der Grenzen des Urheberrechtes bed\u00fcrfen der schriftlichen Zustimmung des jeweiligen Autors bzw. Erstellers. Downloads und Kopien dieser Seite sind nur f\u00fcr den privaten, nicht kommerziellen Gebrauch gestattet. Soweit die Inhalte auf dieser Seite nicht vom Betreiber erstellt wurden, werden die Urheberrechte Dritter beachtet. Insbesondere werden Inhalte Dritter als solche gekennzeichnet. Sollten Sie trotzdem auf eine Urheberrechtsverletzung aufmerksam werden, bitten wir um einen entsprechenden Hinweis. Bei Bekanntwerden von Rechtsverletzungen werden wir derartige Inhalte umgehend entfernen.<\/p>\t\t\t\t\t\t\t\t<\/div>\n\t\t\t\t<\/div>\n\t\t\t\t\t<\/div>\n\t\t<\/div>\n\t\t\t\t\t<\/div>\n\t\t<\/section>\n\t\t\t\t<\/div>\n\t\t","protected":false},"excerpt":{"rendered":"<p>Impressum Angaben gem\u00e4\u00df \u00a7 5 TMG\u00a0 Procycons GmbH &amp; Co. KGHafenallee 57, 63067 Offenbach am Main Tel +49 173 8045667\u00a0 E-Mail info@procycons.com\u00a0 Gesch\u00e4ftsf\u00fchrer: Arash Javanmard-Gh., Philipp Niemeier\u00a0 USt-ID gem\u00e4\u00df \u00a727a Umsatzsteuergesetz: DE357990827\u00a0 Inhaltlich Verantwortlicher gem\u00e4\u00df \u00a7 18 MStV: Arash Javanmard-Gh., Philipp Niemeier\u00a0\u00a0 Copyright Die Texte, Bilder und ihre Anordnung auf der Webseite www.procycons.de sind durch [&hellip;]<\/p>\n","protected":false},"author":1,"featured_media":0,"parent":0,"menu_order":0,"comment_status":"closed","ping_status":"closed","template":"elementor_header_footer","meta":{"_acf_changed":false,"footnotes":""},"class_list":["post-9396","page","type-page","status-publish","hentry"],"acf":[],"_links":{"self":[{"href":"https:\/\/procycons.com\/de\/wp-json\/wp\/v2\/pages\/9396","targetHints":{"allow":["GET"]}}],"collection":[{"href":"https:\/\/procycons.com\/de\/wp-json\/wp\/v2\/pages"}],"about":[{"href":"https:\/\/procycons.com\/de\/wp-json\/wp\/v2\/types\/page"}],"author":[{"embeddable":true,"href":"https:\/\/procycons.com\/de\/wp-json\/wp\/v2\/users\/1"}],"replies":[{"embeddable":true,"href":"https:\/\/procycons.com\/de\/wp-json\/wp\/v2\/comments?post=9396"}],"version-history":[{"count":9,"href":"https:\/\/procycons.com\/de\/wp-json\/wp\/v2\/pages\/9396\/revisions"}],"predecessor-version":[{"id":18715,"href":"https:\/\/procycons.com\/de\/wp-json\/wp\/v2\/pages\/9396\/revisions\/18715"}],"wp:attachment":[{"href":"https:\/\/procycons.com\/de\/wp-json\/wp\/v2\/media?parent=9396"}],"curies":[{"name":"wp","href":"https:\/\/api.w.org\/{rel}","templated":true}]}}